{"id":5,"date":"2018-01-30T19:36:38","date_gmt":"2018-01-30T19:36:38","guid":{"rendered":"https:\/\/pausspa.ca\/sherbrook\/?page_id=5"},"modified":"2026-04-22T11:17:50","modified_gmt":"2026-04-22T15:17:50","slug":"accueil","status":"publish","type":"page","link":"https:\/\/pausspa.ca\/sherbrooke\/fr\/","title":{"rendered":"Accueil"},"content":{"rendered":"","protected":false},"excerpt":{"rendered":"","protected":false},"author":17,"featured_media":0,"parent":0,"menu_order":0,"comment_status":"closed","ping_status":"closed","template":"index.php","meta":{"_mi_skip_tracking":false},"acf":[],"yoast_head":"<!-- This site is optimized with the Yoast SEO plugin v20.2.1 - https:\/\/yoast.com\/wordpress\/plugins\/seo\/ -->\n<title>PA\u016aS Spa Exp\u00e9rience - Sherbrooke | Accueil<\/title>\n<meta name=\"description\" content=\"Vivez une exp\u00e9rience d\u00e9tente d&#039;exception au PA\u016aS Spa Exp\u00e9rience Sherbrooke : exp\u00e9rience thermale, massages, soins, bains \u00e0 remous et piscine.\" \/>\n<meta name=\"robots\" content=\"index, follow, max-snippet:-1, max-image-preview:large, max-video-preview:-1\" \/>\n<link rel=\"canonical\" href=\"https:\/\/pausspa.ca\/sherbrooke\/fr\/\" \/>\n<meta property=\"og:locale\" content=\"fr_FR\" \/>\n<meta property=\"og:type\" content=\"article\" \/>\n<meta property=\"og:title\" content=\"PA\u016aS Spa Exp\u00e9rience - Sherbrooke | Accueil\" \/>\n<meta property=\"og:description\" content=\"Vivez une exp\u00e9rience d\u00e9tente d&#039;exception au PA\u016aS Spa Exp\u00e9rience Sherbrooke : exp\u00e9rience thermale, massages, soins, bains \u00e0 remous et piscine.\" \/>\n<meta property=\"og:url\" content=\"https:\/\/pausspa.ca\/sherbrooke\/fr\/\" \/>\n<meta property=\"og:site_name\" content=\"Sherbrooke\" \/>\n<meta property=\"article:modified_time\" content=\"2026-04-22T15:17:50+00:00\" \/>\n<meta property=\"og:image\" content=\"https:\/\/pausspa.ca\/sherbrooke\/wp-content\/uploads\/sites\/2\/2018\/03\/paus-OGimage_2-3.png\" \/>\n<meta name=\"twitter:card\" content=\"summary_large_image\" \/>\n<script type=\"application\/ld+json\" class=\"yoast-schema-graph\">{\"@context\":\"https:\/\/schema.org\",\"@graph\":[{\"@type\":\"WebPage\",\"@id\":\"https:\/\/pausspa.ca\/sherbrooke\/fr\/\",\"url\":\"https:\/\/pausspa.ca\/sherbrooke\/fr\/\",\"name\":\"PA\u016aS Spa Exp\u00e9rience - Sherbrooke | Accueil\",\"isPartOf\":{\"@id\":\"https:\/\/pausspa.ca\/sherbrooke\/fr\/#website\"},\"datePublished\":\"2018-01-30T19:36:38+00:00\",\"dateModified\":\"2026-04-22T15:17:50+00:00\",\"description\":\"Vivez une exp\u00e9rience d\u00e9tente d'exception au PA\u016aS Spa Exp\u00e9rience Sherbrooke : exp\u00e9rience thermale, massages, soins, bains \u00e0 remous et piscine.\",\"breadcrumb\":{\"@id\":\"https:\/\/pausspa.ca\/sherbrooke\/fr\/#breadcrumb\"},\"inLanguage\":\"fr-FR\",\"potentialAction\":[{\"@type\":\"ReadAction\",\"target\":[\"https:\/\/pausspa.ca\/sherbrooke\/fr\/\"]}]},{\"@type\":\"BreadcrumbList\",\"@id\":\"https:\/\/pausspa.ca\/sherbrooke\/fr\/#breadcrumb\",\"itemListElement\":[{\"@type\":\"ListItem\",\"position\":1,\"name\":\"Home\",\"item\":\"https:\/\/pausspa.ca\/sherbrooke\/fr\/\"},{\"@type\":\"ListItem\",\"position\":2,\"name\":\"Accueil\"}]},{\"@type\":\"WebSite\",\"@id\":\"https:\/\/pausspa.ca\/sherbrooke\/fr\/#website\",\"url\":\"https:\/\/pausspa.ca\/sherbrooke\/fr\/\",\"name\":\"Sherbrooke\",\"description\":\"Un site utilisant PA\u016aS Spa sites Web\",\"potentialAction\":[{\"@type\":\"SearchAction\",\"target\":{\"@type\":\"EntryPoint\",\"urlTemplate\":\"https:\/\/pausspa.ca\/sherbrooke\/fr\/?s={search_term_string}\"},\"query-input\":\"required name=search_term_string\"}],\"inLanguage\":\"fr-FR\"}]}<\/script>\n<!-- \/ Yoast SEO plugin. -->","yoast_head_json":{"title":"PA\u016aS Spa Exp\u00e9rience - Sherbrooke | Accueil","description":"Vivez une exp\u00e9rience d\u00e9tente d'exception au PA\u016aS Spa Exp\u00e9rience Sherbrooke : exp\u00e9rience thermale, massages, soins, bains \u00e0 remous et piscine.","robots":{"index":"index","follow":"follow","max-snippet":"max-snippet:-1","max-image-preview":"max-image-preview:large","max-video-preview":"max-video-preview:-1"},"canonical":"https:\/\/pausspa.ca\/sherbrooke\/fr\/","og_locale":"fr_FR","og_type":"article","og_title":"PA\u016aS Spa Exp\u00e9rience - Sherbrooke | Accueil","og_description":"Vivez une exp\u00e9rience d\u00e9tente d'exception au PA\u016aS Spa Exp\u00e9rience Sherbrooke : exp\u00e9rience thermale, massages, soins, bains \u00e0 remous et piscine.","og_url":"https:\/\/pausspa.ca\/sherbrooke\/fr\/","og_site_name":"Sherbrooke","article_modified_time":"2026-04-22T15:17:50+00:00","og_image":[{"url":"https:\/\/pausspa.ca\/sherbrooke\/wp-content\/uploads\/sites\/2\/2018\/03\/paus-OGimage_2-3.png"}],"twitter_card":"summary_large_image","schema":{"@context":"https:\/\/schema.org","@graph":[{"@type":"WebPage","@id":"https:\/\/pausspa.ca\/sherbrooke\/fr\/","url":"https:\/\/pausspa.ca\/sherbrooke\/fr\/","name":"PA\u016aS Spa Exp\u00e9rience - Sherbrooke | Accueil","isPartOf":{"@id":"https:\/\/pausspa.ca\/sherbrooke\/fr\/#website"},"datePublished":"2018-01-30T19:36:38+00:00","dateModified":"2026-04-22T15:17:50+00:00","description":"Vivez une exp\u00e9rience d\u00e9tente d'exception au PA\u016aS Spa Exp\u00e9rience Sherbrooke : exp\u00e9rience thermale, massages, soins, bains \u00e0 remous et piscine.","breadcrumb":{"@id":"https:\/\/pausspa.ca\/sherbrooke\/fr\/#breadcrumb"},"inLanguage":"fr-FR","potentialAction":[{"@type":"ReadAction","target":["https:\/\/pausspa.ca\/sherbrooke\/fr\/"]}]},{"@type":"BreadcrumbList","@id":"https:\/\/pausspa.ca\/sherbrooke\/fr\/#breadcrumb","itemListElement":[{"@type":"ListItem","position":1,"name":"Home","item":"https:\/\/pausspa.ca\/sherbrooke\/fr\/"},{"@type":"ListItem","position":2,"name":"Accueil"}]},{"@type":"WebSite","@id":"https:\/\/pausspa.ca\/sherbrooke\/fr\/#website","url":"https:\/\/pausspa.ca\/sherbrooke\/fr\/","name":"Sherbrooke","description":"Un site utilisant PA\u016aS Spa sites Web","potentialAction":[{"@type":"SearchAction","target":{"@type":"EntryPoint","urlTemplate":"https:\/\/pausspa.ca\/sherbrooke\/fr\/?s={search_term_string}"},"query-input":"required name=search_term_string"}],"inLanguage":"fr-FR"}]}},"_links":{"self":[{"href":"https:\/\/pausspa.ca\/sherbrooke\/fr\/wp-json\/wp\/v2\/pages\/5"}],"collection":[{"href":"https:\/\/pausspa.ca\/sherbrooke\/fr\/wp-json\/wp\/v2\/pages"}],"about":[{"href":"https:\/\/pausspa.ca\/sherbrooke\/fr\/wp-json\/wp\/v2\/types\/page"}],"author":[{"embeddable":true,"href":"https:\/\/pausspa.ca\/sherbrooke\/fr\/wp-json\/wp\/v2\/users\/17"}],"replies":[{"embeddable":true,"href":"https:\/\/pausspa.ca\/sherbrooke\/fr\/wp-json\/wp\/v2\/comments?post=5"}],"version-history":[{"count":439,"href":"https:\/\/pausspa.ca\/sherbrooke\/fr\/wp-json\/wp\/v2\/pages\/5\/revisions"}],"predecessor-version":[{"id":6092,"href":"https:\/\/pausspa.ca\/sherbrooke\/fr\/wp-json\/wp\/v2\/pages\/5\/revisions\/6092"}],"wp:attachment":[{"href":"https:\/\/pausspa.ca\/sherbrooke\/fr\/wp-json\/wp\/v2\/media?parent=5"}],"curies":[{"name":"wp","href":"https:\/\/api.w.org\/{rel}","templated":true}]}}