{"id":36,"date":"2018-01-31T15:25:51","date_gmt":"2018-01-31T15:25:51","guid":{"rendered":"https:\/\/pausspa.ca\/sherbrook\/?page_id=36"},"modified":"2026-05-01T10:34:42","modified_gmt":"2026-05-01T14:34:42","slug":"forfaits","status":"publish","type":"page","link":"https:\/\/pausspa.ca\/sherbrooke\/fr\/forfaits\/","title":{"rendered":"Forfaits"},"content":{"rendered":"","protected":false},"excerpt":{"rendered":"","protected":false},"author":17,"featured_media":0,"parent":0,"menu_order":0,"comment_status":"closed","ping_status":"closed","template":"archives-forfait.php","meta":{"_mi_skip_tracking":false},"acf":[],"yoast_head":"<!-- This site is optimized with the Yoast SEO plugin v20.2.1 - https:\/\/yoast.com\/wordpress\/plugins\/seo\/ -->\n<title>PA\u016aS Spa Exp\u00e9rience - Sherbrooke | Forfaits<\/title>\n<meta name=\"description\" content=\"Profitez de nos forfaits exclusifs de PA\u016aS SPA, pour d\u00e9couvrir l&#039;ultime bien-\u00eatre en combinant l&#039;exp\u00e9rience thermale \u00e0 d&#039;autres soins.\" \/>\n<meta name=\"robots\" content=\"index, follow, max-snippet:-1, max-image-preview:large, max-video-preview:-1\" \/>\n<link rel=\"canonical\" href=\"https:\/\/pausspa.ca\/sherbrooke\/fr\/forfaits\/\" \/>\n<meta property=\"og:locale\" content=\"fr_FR\" \/>\n<meta property=\"og:type\" content=\"article\" \/>\n<meta property=\"og:title\" content=\"D\u00e9couvrez tous nos forfaits!\" \/>\n<meta property=\"og:description\" content=\"Consultez nos diff\u00e9rents forfaits afin de vivre une exp\u00e9rience qui vous fera tomber en p\u00e2moison. Concoct\u00e9s avec attention et passion, ces forfaits provoqueront un \u00e9tat de douceur instantan\u00e9.\" \/>\n<meta property=\"og:url\" content=\"https:\/\/pausspa.ca\/sherbrooke\/fr\/forfaits\/\" \/>\n<meta property=\"og:site_name\" content=\"Sherbrooke\" \/>\n<meta property=\"article:modified_time\" content=\"2026-05-01T14:34:42+00:00\" \/>\n<meta property=\"og:image\" content=\"https:\/\/pausspa.ca\/app\/uploads\/sites\/2\/2018\/03\/PAUSSPA-SHE-Stone3.jpg\" \/>\n<meta name=\"twitter:card\" content=\"summary_large_image\" \/>\n<script type=\"application\/ld+json\" class=\"yoast-schema-graph\">{\"@context\":\"https:\/\/schema.org\",\"@graph\":[{\"@type\":\"WebPage\",\"@id\":\"https:\/\/pausspa.ca\/sherbrooke\/fr\/forfaits\/\",\"url\":\"https:\/\/pausspa.ca\/sherbrooke\/fr\/forfaits\/\",\"name\":\"PA\u016aS Spa Exp\u00e9rience - Sherbrooke | Forfaits\",\"isPartOf\":{\"@id\":\"https:\/\/pausspa.ca\/sherbrooke\/fr\/#website\"},\"datePublished\":\"2018-01-31T15:25:51+00:00\",\"dateModified\":\"2026-05-01T14:34:42+00:00\",\"description\":\"Profitez de nos forfaits exclusifs de PA\u016aS SPA, pour d\u00e9couvrir l'ultime bien-\u00eatre en combinant l'exp\u00e9rience thermale \u00e0 d'autres soins.\",\"breadcrumb\":{\"@id\":\"https:\/\/pausspa.ca\/sherbrooke\/fr\/forfaits\/#breadcrumb\"},\"inLanguage\":\"fr-FR\",\"potentialAction\":[{\"@type\":\"ReadAction\",\"target\":[\"https:\/\/pausspa.ca\/sherbrooke\/fr\/forfaits\/\"]}]},{\"@type\":\"BreadcrumbList\",\"@id\":\"https:\/\/pausspa.ca\/sherbrooke\/fr\/forfaits\/#breadcrumb\",\"itemListElement\":[{\"@type\":\"ListItem\",\"position\":1,\"name\":\"Home\",\"item\":\"https:\/\/pausspa.ca\/sherbrooke\/fr\/\"},{\"@type\":\"ListItem\",\"position\":2,\"name\":\"Forfaits\"}]},{\"@type\":\"WebSite\",\"@id\":\"https:\/\/pausspa.ca\/sherbrooke\/fr\/#website\",\"url\":\"https:\/\/pausspa.ca\/sherbrooke\/fr\/\",\"name\":\"Sherbrooke\",\"description\":\"Un site utilisant PA\u016aS Spa sites Web\",\"potentialAction\":[{\"@type\":\"SearchAction\",\"target\":{\"@type\":\"EntryPoint\",\"urlTemplate\":\"https:\/\/pausspa.ca\/sherbrooke\/fr\/?s={search_term_string}\"},\"query-input\":\"required name=search_term_string\"}],\"inLanguage\":\"fr-FR\"}]}<\/script>\n<!-- \/ Yoast SEO plugin. -->","yoast_head_json":{"title":"PA\u016aS Spa Exp\u00e9rience - Sherbrooke | Forfaits","description":"Profitez de nos forfaits exclusifs de PA\u016aS SPA, pour d\u00e9couvrir l'ultime bien-\u00eatre en combinant l'exp\u00e9rience thermale \u00e0 d'autres soins.","robots":{"index":"index","follow":"follow","max-snippet":"max-snippet:-1","max-image-preview":"max-image-preview:large","max-video-preview":"max-video-preview:-1"},"canonical":"https:\/\/pausspa.ca\/sherbrooke\/fr\/forfaits\/","og_locale":"fr_FR","og_type":"article","og_title":"D\u00e9couvrez tous nos forfaits!","og_description":"Consultez nos diff\u00e9rents forfaits afin de vivre une exp\u00e9rience qui vous fera tomber en p\u00e2moison. Concoct\u00e9s avec attention et passion, ces forfaits provoqueront un \u00e9tat de douceur instantan\u00e9.","og_url":"https:\/\/pausspa.ca\/sherbrooke\/fr\/forfaits\/","og_site_name":"Sherbrooke","article_modified_time":"2026-05-01T14:34:42+00:00","og_image":[{"url":"https:\/\/pausspa.ca\/app\/uploads\/sites\/2\/2018\/03\/PAUSSPA-SHE-Stone3.jpg"}],"twitter_card":"summary_large_image","schema":{"@context":"https:\/\/schema.org","@graph":[{"@type":"WebPage","@id":"https:\/\/pausspa.ca\/sherbrooke\/fr\/forfaits\/","url":"https:\/\/pausspa.ca\/sherbrooke\/fr\/forfaits\/","name":"PA\u016aS Spa Exp\u00e9rience - Sherbrooke | Forfaits","isPartOf":{"@id":"https:\/\/pausspa.ca\/sherbrooke\/fr\/#website"},"datePublished":"2018-01-31T15:25:51+00:00","dateModified":"2026-05-01T14:34:42+00:00","description":"Profitez de nos forfaits exclusifs de PA\u016aS SPA, pour d\u00e9couvrir l'ultime bien-\u00eatre en combinant l'exp\u00e9rience thermale \u00e0 d'autres soins.","breadcrumb":{"@id":"https:\/\/pausspa.ca\/sherbrooke\/fr\/forfaits\/#breadcrumb"},"inLanguage":"fr-FR","potentialAction":[{"@type":"ReadAction","target":["https:\/\/pausspa.ca\/sherbrooke\/fr\/forfaits\/"]}]},{"@type":"BreadcrumbList","@id":"https:\/\/pausspa.ca\/sherbrooke\/fr\/forfaits\/#breadcrumb","itemListElement":[{"@type":"ListItem","position":1,"name":"Home","item":"https:\/\/pausspa.ca\/sherbrooke\/fr\/"},{"@type":"ListItem","position":2,"name":"Forfaits"}]},{"@type":"WebSite","@id":"https:\/\/pausspa.ca\/sherbrooke\/fr\/#website","url":"https:\/\/pausspa.ca\/sherbrooke\/fr\/","name":"Sherbrooke","description":"Un site utilisant PA\u016aS Spa sites Web","potentialAction":[{"@type":"SearchAction","target":{"@type":"EntryPoint","urlTemplate":"https:\/\/pausspa.ca\/sherbrooke\/fr\/?s={search_term_string}"},"query-input":"required name=search_term_string"}],"inLanguage":"fr-FR"}]}},"_links":{"self":[{"href":"https:\/\/pausspa.ca\/sherbrooke\/fr\/wp-json\/wp\/v2\/pages\/36"}],"collection":[{"href":"https:\/\/pausspa.ca\/sherbrooke\/fr\/wp-json\/wp\/v2\/pages"}],"about":[{"href":"https:\/\/pausspa.ca\/sherbrooke\/fr\/wp-json\/wp\/v2\/types\/page"}],"author":[{"embeddable":true,"href":"https:\/\/pausspa.ca\/sherbrooke\/fr\/wp-json\/wp\/v2\/users\/17"}],"replies":[{"embeddable":true,"href":"https:\/\/pausspa.ca\/sherbrooke\/fr\/wp-json\/wp\/v2\/comments?post=36"}],"version-history":[{"count":156,"href":"https:\/\/pausspa.ca\/sherbrooke\/fr\/wp-json\/wp\/v2\/pages\/36\/revisions"}],"predecessor-version":[{"id":6183,"href":"https:\/\/pausspa.ca\/sherbrooke\/fr\/wp-json\/wp\/v2\/pages\/36\/revisions\/6183"}],"wp:attachment":[{"href":"https:\/\/pausspa.ca\/sherbrooke\/fr\/wp-json\/wp\/v2\/media?parent=36"}],"curies":[{"name":"wp","href":"https:\/\/api.w.org\/{rel}","templated":true}]}}