{"id":32,"date":"2018-09-08T01:00:02","date_gmt":"2018-09-08T05:00:02","guid":{"rendered":"https:\/\/pausspa.ca\/sherbrook\/?page_id=32"},"modified":"2026-03-02T13:33:44","modified_gmt":"2026-03-02T18:33:44","slug":"contact","status":"publish","type":"page","link":"https:\/\/pausspa.ca\/sherbrooke\/fr\/contact\/","title":{"rendered":"Contact"},"content":{"rendered":"","protected":false},"excerpt":{"rendered":"","protected":false},"author":17,"featured_media":5733,"parent":0,"menu_order":0,"comment_status":"closed","ping_status":"closed","template":"template-contact.php","meta":{"_mi_skip_tracking":false},"acf":[],"yoast_head":"<!-- This site is optimized with the Yoast SEO plugin v20.2.1 - https:\/\/yoast.com\/wordpress\/plugins\/seo\/ -->\n<title>PA\u016aS Spa Exp\u00e9rience Sherbrooke | Contact<\/title>\n<meta name=\"description\" content=\"Contactez PA\u016aS Spa Exp\u00e9rience Sherbrooke pour poser vos questions, ou consulter la page pour connaitre notre adresse, nos horaires, ou comment vous rendre chez nous.\" \/>\n<meta name=\"robots\" content=\"index, follow, max-snippet:-1, max-image-preview:large, max-video-preview:-1\" \/>\n<link rel=\"canonical\" href=\"https:\/\/pausspa.ca\/sherbrooke\/fr\/contact\/\" \/>\n<meta property=\"og:locale\" content=\"fr_FR\" \/>\n<meta property=\"og:type\" content=\"article\" \/>\n<meta property=\"og:title\" content=\"PA\u016aS Spa Exp\u00e9rience Sherbrooke | Contact\" \/>\n<meta property=\"og:description\" content=\"Contactez PA\u016aS Spa Exp\u00e9rience Sherbrooke pour poser vos questions, ou consulter la page pour connaitre notre adresse, nos horaires, ou comment vous rendre chez nous.\" \/>\n<meta property=\"og:url\" content=\"https:\/\/pausspa.ca\/sherbrooke\/fr\/contact\/\" \/>\n<meta property=\"og:site_name\" content=\"Sherbrooke\" \/>\n<meta property=\"article:modified_time\" content=\"2026-03-02T18:33:44+00:00\" \/>\n<meta property=\"og:image\" content=\"https:\/\/pausspa.ca\/app\/uploads\/sites\/2\/2025\/10\/458213882_18277209463209547_4758514376069889274_n.jpg\" \/>\n\t<meta property=\"og:image:width\" content=\"1440\" \/>\n\t<meta property=\"og:image:height\" content=\"1800\" \/>\n\t<meta property=\"og:image:type\" content=\"image\/jpeg\" \/>\n<meta name=\"twitter:card\" content=\"summary_large_image\" \/>\n<script type=\"application\/ld+json\" class=\"yoast-schema-graph\">{\"@context\":\"https:\/\/schema.org\",\"@graph\":[{\"@type\":[\"WebPage\",\"ContactPage\"],\"@id\":\"https:\/\/pausspa.ca\/sherbrooke\/fr\/contact\/\",\"url\":\"https:\/\/pausspa.ca\/sherbrooke\/fr\/contact\/\",\"name\":\"PA\u016aS Spa Exp\u00e9rience Sherbrooke | Contact\",\"isPartOf\":{\"@id\":\"https:\/\/pausspa.ca\/sherbrooke\/fr\/#website\"},\"datePublished\":\"2018-09-08T05:00:02+00:00\",\"dateModified\":\"2026-03-02T18:33:44+00:00\",\"description\":\"Contactez PA\u016aS Spa Exp\u00e9rience Sherbrooke pour poser vos questions, ou consulter la page pour connaitre notre adresse, nos horaires, ou comment vous rendre chez nous.\",\"breadcrumb\":{\"@id\":\"https:\/\/pausspa.ca\/sherbrooke\/fr\/contact\/#breadcrumb\"},\"inLanguage\":\"fr-FR\",\"potentialAction\":[{\"@type\":\"ReadAction\",\"target\":[\"https:\/\/pausspa.ca\/sherbrooke\/fr\/contact\/\"]}]},{\"@type\":\"BreadcrumbList\",\"@id\":\"https:\/\/pausspa.ca\/sherbrooke\/fr\/contact\/#breadcrumb\",\"itemListElement\":[{\"@type\":\"ListItem\",\"position\":1,\"name\":\"Home\",\"item\":\"https:\/\/pausspa.ca\/sherbrooke\/fr\/\"},{\"@type\":\"ListItem\",\"position\":2,\"name\":\"Contact\"}]},{\"@type\":\"WebSite\",\"@id\":\"https:\/\/pausspa.ca\/sherbrooke\/fr\/#website\",\"url\":\"https:\/\/pausspa.ca\/sherbrooke\/fr\/\",\"name\":\"Sherbrooke\",\"description\":\"Un site utilisant PA\u016aS Spa sites Web\",\"potentialAction\":[{\"@type\":\"SearchAction\",\"target\":{\"@type\":\"EntryPoint\",\"urlTemplate\":\"https:\/\/pausspa.ca\/sherbrooke\/fr\/?s={search_term_string}\"},\"query-input\":\"required name=search_term_string\"}],\"inLanguage\":\"fr-FR\"}]}<\/script>\n<!-- \/ Yoast SEO plugin. -->","yoast_head_json":{"title":"PA\u016aS Spa Exp\u00e9rience Sherbrooke | Contact","description":"Contactez PA\u016aS Spa Exp\u00e9rience Sherbrooke pour poser vos questions, ou consulter la page pour connaitre notre adresse, nos horaires, ou comment vous rendre chez nous.","robots":{"index":"index","follow":"follow","max-snippet":"max-snippet:-1","max-image-preview":"max-image-preview:large","max-video-preview":"max-video-preview:-1"},"canonical":"https:\/\/pausspa.ca\/sherbrooke\/fr\/contact\/","og_locale":"fr_FR","og_type":"article","og_title":"PA\u016aS Spa Exp\u00e9rience Sherbrooke | Contact","og_description":"Contactez PA\u016aS Spa Exp\u00e9rience Sherbrooke pour poser vos questions, ou consulter la page pour connaitre notre adresse, nos horaires, ou comment vous rendre chez nous.","og_url":"https:\/\/pausspa.ca\/sherbrooke\/fr\/contact\/","og_site_name":"Sherbrooke","article_modified_time":"2026-03-02T18:33:44+00:00","og_image":[{"width":1440,"height":1800,"url":"https:\/\/pausspa.ca\/app\/uploads\/sites\/2\/2025\/10\/458213882_18277209463209547_4758514376069889274_n.jpg","type":"image\/jpeg"}],"twitter_card":"summary_large_image","schema":{"@context":"https:\/\/schema.org","@graph":[{"@type":["WebPage","ContactPage"],"@id":"https:\/\/pausspa.ca\/sherbrooke\/fr\/contact\/","url":"https:\/\/pausspa.ca\/sherbrooke\/fr\/contact\/","name":"PA\u016aS Spa Exp\u00e9rience Sherbrooke | Contact","isPartOf":{"@id":"https:\/\/pausspa.ca\/sherbrooke\/fr\/#website"},"datePublished":"2018-09-08T05:00:02+00:00","dateModified":"2026-03-02T18:33:44+00:00","description":"Contactez PA\u016aS Spa Exp\u00e9rience Sherbrooke pour poser vos questions, ou consulter la page pour connaitre notre adresse, nos horaires, ou comment vous rendre chez nous.","breadcrumb":{"@id":"https:\/\/pausspa.ca\/sherbrooke\/fr\/contact\/#breadcrumb"},"inLanguage":"fr-FR","potentialAction":[{"@type":"ReadAction","target":["https:\/\/pausspa.ca\/sherbrooke\/fr\/contact\/"]}]},{"@type":"BreadcrumbList","@id":"https:\/\/pausspa.ca\/sherbrooke\/fr\/contact\/#breadcrumb","itemListElement":[{"@type":"ListItem","position":1,"name":"Home","item":"https:\/\/pausspa.ca\/sherbrooke\/fr\/"},{"@type":"ListItem","position":2,"name":"Contact"}]},{"@type":"WebSite","@id":"https:\/\/pausspa.ca\/sherbrooke\/fr\/#website","url":"https:\/\/pausspa.ca\/sherbrooke\/fr\/","name":"Sherbrooke","description":"Un site utilisant PA\u016aS Spa sites Web","potentialAction":[{"@type":"SearchAction","target":{"@type":"EntryPoint","urlTemplate":"https:\/\/pausspa.ca\/sherbrooke\/fr\/?s={search_term_string}"},"query-input":"required name=search_term_string"}],"inLanguage":"fr-FR"}]}},"_links":{"self":[{"href":"https:\/\/pausspa.ca\/sherbrooke\/fr\/wp-json\/wp\/v2\/pages\/32"}],"collection":[{"href":"https:\/\/pausspa.ca\/sherbrooke\/fr\/wp-json\/wp\/v2\/pages"}],"about":[{"href":"https:\/\/pausspa.ca\/sherbrooke\/fr\/wp-json\/wp\/v2\/types\/page"}],"author":[{"embeddable":true,"href":"https:\/\/pausspa.ca\/sherbrooke\/fr\/wp-json\/wp\/v2\/users\/17"}],"replies":[{"embeddable":true,"href":"https:\/\/pausspa.ca\/sherbrooke\/fr\/wp-json\/wp\/v2\/comments?post=32"}],"version-history":[{"count":134,"href":"https:\/\/pausspa.ca\/sherbrooke\/fr\/wp-json\/wp\/v2\/pages\/32\/revisions"}],"predecessor-version":[{"id":5814,"href":"https:\/\/pausspa.ca\/sherbrooke\/fr\/wp-json\/wp\/v2\/pages\/32\/revisions\/5814"}],"wp:featuredmedia":[{"embeddable":true,"href":"https:\/\/pausspa.ca\/sherbrooke\/fr\/wp-json\/wp\/v2\/media\/5733"}],"wp:attachment":[{"href":"https:\/\/pausspa.ca\/sherbrooke\/fr\/wp-json\/wp\/v2\/media?parent=32"}],"curies":[{"name":"wp","href":"https:\/\/api.w.org\/{rel}","templated":true}]}}