{"id":2123,"date":"2019-11-11T15:49:30","date_gmt":"2019-11-11T20:49:30","guid":{"rendered":"https:\/\/pausspa.ca\/sherbrooke\/?page_id=2123"},"modified":"2026-01-26T11:02:03","modified_gmt":"2026-01-26T16:02:03","slug":"cheques-cadeaux","status":"publish","type":"page","link":"https:\/\/pausspa.ca\/sherbrooke\/fr\/cheques-cadeaux\/","title":{"rendered":"Cartes-cadeaux"},"content":{"rendered":"","protected":false},"excerpt":{"rendered":"","protected":false},"author":9,"featured_media":0,"parent":0,"menu_order":0,"comment_status":"closed","ping_status":"closed","template":"archives-forfait.php","meta":{"_mi_skip_tracking":false},"acf":[],"yoast_head":"<!-- This site is optimized with the Yoast SEO plugin v20.2.1 - https:\/\/yoast.com\/wordpress\/plugins\/seo\/ -->\n<title>PA\u016aS Spa Exp\u00e9rience - Sherbrooke | Certificats-cadeaux<\/title>\n<meta name=\"description\" content=\"Offerts en forfait ou en valeur mon\u00e9taire, les certificats-cadeaux sont \u00e0 coup s\u00fbr le cadeau parfait pour vous ou pour vos proches.\" \/>\n<meta name=\"robots\" content=\"index, follow, max-snippet:-1, max-image-preview:large, max-video-preview:-1\" \/>\n<link rel=\"canonical\" href=\"https:\/\/pausspa.ca\/sherbrooke\/fr\/cheques-cadeaux\/\" \/>\n<meta property=\"og:locale\" content=\"fr_FR\" \/>\n<meta property=\"og:type\" content=\"article\" \/>\n<meta property=\"og:title\" content=\"PA\u016aS Spa Exp\u00e9rience - Sherbrooke | Certificats-cadeaux\" \/>\n<meta property=\"og:description\" content=\"Offerts en forfait ou en valeur mon\u00e9taire, les certificats-cadeaux sont \u00e0 coup s\u00fbr le cadeau parfait pour vous ou pour vos proches.\" \/>\n<meta property=\"og:url\" content=\"https:\/\/pausspa.ca\/sherbrooke\/fr\/cheques-cadeaux\/\" \/>\n<meta property=\"og:site_name\" content=\"Sherbrooke\" \/>\n<meta property=\"article:modified_time\" content=\"2026-01-26T16:02:03+00:00\" \/>\n<meta property=\"og:image\" content=\"https:\/\/pausspa.ca\/app\/uploads\/sites\/2\/2019\/01\/fbstvalentinpromo-e1574095200544.jpg\" \/>\n<meta name=\"twitter:card\" content=\"summary_large_image\" \/>\n<script type=\"application\/ld+json\" class=\"yoast-schema-graph\">{\"@context\":\"https:\/\/schema.org\",\"@graph\":[{\"@type\":\"WebPage\",\"@id\":\"https:\/\/pausspa.ca\/sherbrooke\/fr\/cheques-cadeaux\/\",\"url\":\"https:\/\/pausspa.ca\/sherbrooke\/fr\/cheques-cadeaux\/\",\"name\":\"PA\u016aS Spa Exp\u00e9rience - Sherbrooke | Certificats-cadeaux\",\"isPartOf\":{\"@id\":\"https:\/\/pausspa.ca\/sherbrooke\/fr\/#website\"},\"datePublished\":\"2019-11-11T20:49:30+00:00\",\"dateModified\":\"2026-01-26T16:02:03+00:00\",\"description\":\"Offerts en forfait ou en valeur mon\u00e9taire, les certificats-cadeaux sont \u00e0 coup s\u00fbr le cadeau parfait pour vous ou pour vos proches.\",\"breadcrumb\":{\"@id\":\"https:\/\/pausspa.ca\/sherbrooke\/fr\/cheques-cadeaux\/#breadcrumb\"},\"inLanguage\":\"fr-FR\",\"potentialAction\":[{\"@type\":\"ReadAction\",\"target\":[\"https:\/\/pausspa.ca\/sherbrooke\/fr\/cheques-cadeaux\/\"]}]},{\"@type\":\"BreadcrumbList\",\"@id\":\"https:\/\/pausspa.ca\/sherbrooke\/fr\/cheques-cadeaux\/#breadcrumb\",\"itemListElement\":[{\"@type\":\"ListItem\",\"position\":1,\"name\":\"Home\",\"item\":\"https:\/\/pausspa.ca\/sherbrooke\/fr\/\"},{\"@type\":\"ListItem\",\"position\":2,\"name\":\"Cartes-cadeaux\"}]},{\"@type\":\"WebSite\",\"@id\":\"https:\/\/pausspa.ca\/sherbrooke\/fr\/#website\",\"url\":\"https:\/\/pausspa.ca\/sherbrooke\/fr\/\",\"name\":\"Sherbrooke\",\"description\":\"Un site utilisant PA\u016aS Spa sites Web\",\"potentialAction\":[{\"@type\":\"SearchAction\",\"target\":{\"@type\":\"EntryPoint\",\"urlTemplate\":\"https:\/\/pausspa.ca\/sherbrooke\/fr\/?s={search_term_string}\"},\"query-input\":\"required name=search_term_string\"}],\"inLanguage\":\"fr-FR\"}]}<\/script>\n<!-- \/ Yoast SEO plugin. -->","yoast_head_json":{"title":"PA\u016aS Spa Exp\u00e9rience - Sherbrooke | Certificats-cadeaux","description":"Offerts en forfait ou en valeur mon\u00e9taire, les certificats-cadeaux sont \u00e0 coup s\u00fbr le cadeau parfait pour vous ou pour vos proches.","robots":{"index":"index","follow":"follow","max-snippet":"max-snippet:-1","max-image-preview":"max-image-preview:large","max-video-preview":"max-video-preview:-1"},"canonical":"https:\/\/pausspa.ca\/sherbrooke\/fr\/cheques-cadeaux\/","og_locale":"fr_FR","og_type":"article","og_title":"PA\u016aS Spa Exp\u00e9rience - Sherbrooke | Certificats-cadeaux","og_description":"Offerts en forfait ou en valeur mon\u00e9taire, les certificats-cadeaux sont \u00e0 coup s\u00fbr le cadeau parfait pour vous ou pour vos proches.","og_url":"https:\/\/pausspa.ca\/sherbrooke\/fr\/cheques-cadeaux\/","og_site_name":"Sherbrooke","article_modified_time":"2026-01-26T16:02:03+00:00","og_image":[{"url":"https:\/\/pausspa.ca\/app\/uploads\/sites\/2\/2019\/01\/fbstvalentinpromo-e1574095200544.jpg"}],"twitter_card":"summary_large_image","schema":{"@context":"https:\/\/schema.org","@graph":[{"@type":"WebPage","@id":"https:\/\/pausspa.ca\/sherbrooke\/fr\/cheques-cadeaux\/","url":"https:\/\/pausspa.ca\/sherbrooke\/fr\/cheques-cadeaux\/","name":"PA\u016aS Spa Exp\u00e9rience - Sherbrooke | Certificats-cadeaux","isPartOf":{"@id":"https:\/\/pausspa.ca\/sherbrooke\/fr\/#website"},"datePublished":"2019-11-11T20:49:30+00:00","dateModified":"2026-01-26T16:02:03+00:00","description":"Offerts en forfait ou en valeur mon\u00e9taire, les certificats-cadeaux sont \u00e0 coup s\u00fbr le cadeau parfait pour vous ou pour vos proches.","breadcrumb":{"@id":"https:\/\/pausspa.ca\/sherbrooke\/fr\/cheques-cadeaux\/#breadcrumb"},"inLanguage":"fr-FR","potentialAction":[{"@type":"ReadAction","target":["https:\/\/pausspa.ca\/sherbrooke\/fr\/cheques-cadeaux\/"]}]},{"@type":"BreadcrumbList","@id":"https:\/\/pausspa.ca\/sherbrooke\/fr\/cheques-cadeaux\/#breadcrumb","itemListElement":[{"@type":"ListItem","position":1,"name":"Home","item":"https:\/\/pausspa.ca\/sherbrooke\/fr\/"},{"@type":"ListItem","position":2,"name":"Cartes-cadeaux"}]},{"@type":"WebSite","@id":"https:\/\/pausspa.ca\/sherbrooke\/fr\/#website","url":"https:\/\/pausspa.ca\/sherbrooke\/fr\/","name":"Sherbrooke","description":"Un site utilisant PA\u016aS Spa sites Web","potentialAction":[{"@type":"SearchAction","target":{"@type":"EntryPoint","urlTemplate":"https:\/\/pausspa.ca\/sherbrooke\/fr\/?s={search_term_string}"},"query-input":"required name=search_term_string"}],"inLanguage":"fr-FR"}]}},"_links":{"self":[{"href":"https:\/\/pausspa.ca\/sherbrooke\/fr\/wp-json\/wp\/v2\/pages\/2123"}],"collection":[{"href":"https:\/\/pausspa.ca\/sherbrooke\/fr\/wp-json\/wp\/v2\/pages"}],"about":[{"href":"https:\/\/pausspa.ca\/sherbrooke\/fr\/wp-json\/wp\/v2\/types\/page"}],"author":[{"embeddable":true,"href":"https:\/\/pausspa.ca\/sherbrooke\/fr\/wp-json\/wp\/v2\/users\/9"}],"replies":[{"embeddable":true,"href":"https:\/\/pausspa.ca\/sherbrooke\/fr\/wp-json\/wp\/v2\/comments?post=2123"}],"version-history":[{"count":28,"href":"https:\/\/pausspa.ca\/sherbrooke\/fr\/wp-json\/wp\/v2\/pages\/2123\/revisions"}],"predecessor-version":[{"id":5881,"href":"https:\/\/pausspa.ca\/sherbrooke\/fr\/wp-json\/wp\/v2\/pages\/2123\/revisions\/5881"}],"wp:attachment":[{"href":"https:\/\/pausspa.ca\/sherbrooke\/fr\/wp-json\/wp\/v2\/media?parent=2123"}],"curies":[{"name":"wp","href":"https:\/\/api.w.org\/{rel}","templated":true}]}}