{"id":106,"date":"2018-02-02T20:16:32","date_gmt":"2018-02-02T20:16:32","guid":{"rendered":"https:\/\/pausspa.ca\/sherbrook\/?page_id=106"},"modified":"2026-01-20T12:18:28","modified_gmt":"2026-01-20T17:18:28","slug":"carrieres","status":"publish","type":"page","link":"https:\/\/pausspa.ca\/sherbrooke\/fr\/carrieres\/","title":{"rendered":"Carri\u00e8res"},"content":{"rendered":"","protected":false},"excerpt":{"rendered":"","protected":false},"author":17,"featured_media":0,"parent":0,"menu_order":0,"comment_status":"closed","ping_status":"closed","template":"template-career.php","meta":{"_mi_skip_tracking":false},"acf":[],"yoast_head":"<!-- This site is optimized with the Yoast SEO plugin v20.2.1 - https:\/\/yoast.com\/wordpress\/plugins\/seo\/ -->\n<title>PA\u016aS Spa Exp\u00e9rience - Sherbrooke | Carri\u00e8res<\/title>\n<meta name=\"description\" content=\"Vous d\u00e9sirez vous joindre \u00e0 notre \u00e9quipe? Consultez notre page carri\u00e8res et faites nous parvenir votre candidature d\u00e8s maintenant!\" \/>\n<meta name=\"robots\" content=\"index, follow, max-snippet:-1, max-image-preview:large, max-video-preview:-1\" \/>\n<link rel=\"canonical\" href=\"https:\/\/pausspa.ca\/sherbrooke\/fr\/carrieres\/\" \/>\n<meta property=\"og:locale\" content=\"fr_FR\" \/>\n<meta property=\"og:type\" content=\"article\" \/>\n<meta property=\"og:title\" content=\"Opportunit\u00e9 d&#039;emploi\" \/>\n<meta property=\"og:description\" content=\"Int\u00e9grez une \u00e9quipe dynamique et un milieu de travail ax\u00e9 sur le respect et le bien-\u00eatre. Faites-nous parvenir votre C.V. d\u00e8s maintenant!\" \/>\n<meta property=\"og:url\" content=\"https:\/\/pausspa.ca\/sherbrooke\/fr\/carrieres\/\" \/>\n<meta property=\"og:site_name\" content=\"Sherbrooke\" \/>\n<meta property=\"article:modified_time\" content=\"2026-01-20T17:18:28+00:00\" \/>\n<meta property=\"og:image\" content=\"https:\/\/pausspa.ca\/app\/uploads\/sites\/2\/2018\/11\/affiche_recrutement_esthe_facebook.jpg\" \/>\n<meta name=\"twitter:card\" content=\"summary_large_image\" \/>\n<script type=\"application\/ld+json\" class=\"yoast-schema-graph\">{\"@context\":\"https:\/\/schema.org\",\"@graph\":[{\"@type\":\"WebPage\",\"@id\":\"https:\/\/pausspa.ca\/sherbrooke\/fr\/carrieres\/\",\"url\":\"https:\/\/pausspa.ca\/sherbrooke\/fr\/carrieres\/\",\"name\":\"PA\u016aS Spa Exp\u00e9rience - Sherbrooke | Carri\u00e8res\",\"isPartOf\":{\"@id\":\"https:\/\/pausspa.ca\/sherbrooke\/fr\/#website\"},\"datePublished\":\"2018-02-02T20:16:32+00:00\",\"dateModified\":\"2026-01-20T17:18:28+00:00\",\"description\":\"Vous d\u00e9sirez vous joindre \u00e0 notre \u00e9quipe? Consultez notre page carri\u00e8res et faites nous parvenir votre candidature d\u00e8s maintenant!\",\"breadcrumb\":{\"@id\":\"https:\/\/pausspa.ca\/sherbrooke\/fr\/carrieres\/#breadcrumb\"},\"inLanguage\":\"fr-FR\",\"potentialAction\":[{\"@type\":\"ReadAction\",\"target\":[\"https:\/\/pausspa.ca\/sherbrooke\/fr\/carrieres\/\"]}]},{\"@type\":\"BreadcrumbList\",\"@id\":\"https:\/\/pausspa.ca\/sherbrooke\/fr\/carrieres\/#breadcrumb\",\"itemListElement\":[{\"@type\":\"ListItem\",\"position\":1,\"name\":\"Home\",\"item\":\"https:\/\/pausspa.ca\/sherbrooke\/fr\/\"},{\"@type\":\"ListItem\",\"position\":2,\"name\":\"Carri\u00e8res\"}]},{\"@type\":\"WebSite\",\"@id\":\"https:\/\/pausspa.ca\/sherbrooke\/fr\/#website\",\"url\":\"https:\/\/pausspa.ca\/sherbrooke\/fr\/\",\"name\":\"Sherbrooke\",\"description\":\"Un site utilisant PA\u016aS Spa sites Web\",\"potentialAction\":[{\"@type\":\"SearchAction\",\"target\":{\"@type\":\"EntryPoint\",\"urlTemplate\":\"https:\/\/pausspa.ca\/sherbrooke\/fr\/?s={search_term_string}\"},\"query-input\":\"required name=search_term_string\"}],\"inLanguage\":\"fr-FR\"}]}<\/script>\n<!-- \/ Yoast SEO plugin. -->","yoast_head_json":{"title":"PA\u016aS Spa Exp\u00e9rience - Sherbrooke | Carri\u00e8res","description":"Vous d\u00e9sirez vous joindre \u00e0 notre \u00e9quipe? Consultez notre page carri\u00e8res et faites nous parvenir votre candidature d\u00e8s maintenant!","robots":{"index":"index","follow":"follow","max-snippet":"max-snippet:-1","max-image-preview":"max-image-preview:large","max-video-preview":"max-video-preview:-1"},"canonical":"https:\/\/pausspa.ca\/sherbrooke\/fr\/carrieres\/","og_locale":"fr_FR","og_type":"article","og_title":"Opportunit\u00e9 d'emploi","og_description":"Int\u00e9grez une \u00e9quipe dynamique et un milieu de travail ax\u00e9 sur le respect et le bien-\u00eatre. Faites-nous parvenir votre C.V. d\u00e8s maintenant!","og_url":"https:\/\/pausspa.ca\/sherbrooke\/fr\/carrieres\/","og_site_name":"Sherbrooke","article_modified_time":"2026-01-20T17:18:28+00:00","og_image":[{"url":"https:\/\/pausspa.ca\/app\/uploads\/sites\/2\/2018\/11\/affiche_recrutement_esthe_facebook.jpg"}],"twitter_card":"summary_large_image","schema":{"@context":"https:\/\/schema.org","@graph":[{"@type":"WebPage","@id":"https:\/\/pausspa.ca\/sherbrooke\/fr\/carrieres\/","url":"https:\/\/pausspa.ca\/sherbrooke\/fr\/carrieres\/","name":"PA\u016aS Spa Exp\u00e9rience - Sherbrooke | Carri\u00e8res","isPartOf":{"@id":"https:\/\/pausspa.ca\/sherbrooke\/fr\/#website"},"datePublished":"2018-02-02T20:16:32+00:00","dateModified":"2026-01-20T17:18:28+00:00","description":"Vous d\u00e9sirez vous joindre \u00e0 notre \u00e9quipe? Consultez notre page carri\u00e8res et faites nous parvenir votre candidature d\u00e8s maintenant!","breadcrumb":{"@id":"https:\/\/pausspa.ca\/sherbrooke\/fr\/carrieres\/#breadcrumb"},"inLanguage":"fr-FR","potentialAction":[{"@type":"ReadAction","target":["https:\/\/pausspa.ca\/sherbrooke\/fr\/carrieres\/"]}]},{"@type":"BreadcrumbList","@id":"https:\/\/pausspa.ca\/sherbrooke\/fr\/carrieres\/#breadcrumb","itemListElement":[{"@type":"ListItem","position":1,"name":"Home","item":"https:\/\/pausspa.ca\/sherbrooke\/fr\/"},{"@type":"ListItem","position":2,"name":"Carri\u00e8res"}]},{"@type":"WebSite","@id":"https:\/\/pausspa.ca\/sherbrooke\/fr\/#website","url":"https:\/\/pausspa.ca\/sherbrooke\/fr\/","name":"Sherbrooke","description":"Un site utilisant PA\u016aS Spa sites Web","potentialAction":[{"@type":"SearchAction","target":{"@type":"EntryPoint","urlTemplate":"https:\/\/pausspa.ca\/sherbrooke\/fr\/?s={search_term_string}"},"query-input":"required name=search_term_string"}],"inLanguage":"fr-FR"}]}},"_links":{"self":[{"href":"https:\/\/pausspa.ca\/sherbrooke\/fr\/wp-json\/wp\/v2\/pages\/106"}],"collection":[{"href":"https:\/\/pausspa.ca\/sherbrooke\/fr\/wp-json\/wp\/v2\/pages"}],"about":[{"href":"https:\/\/pausspa.ca\/sherbrooke\/fr\/wp-json\/wp\/v2\/types\/page"}],"author":[{"embeddable":true,"href":"https:\/\/pausspa.ca\/sherbrooke\/fr\/wp-json\/wp\/v2\/users\/17"}],"replies":[{"embeddable":true,"href":"https:\/\/pausspa.ca\/sherbrooke\/fr\/wp-json\/wp\/v2\/comments?post=106"}],"version-history":[{"count":40,"href":"https:\/\/pausspa.ca\/sherbrooke\/fr\/wp-json\/wp\/v2\/pages\/106\/revisions"}],"predecessor-version":[{"id":5840,"href":"https:\/\/pausspa.ca\/sherbrooke\/fr\/wp-json\/wp\/v2\/pages\/106\/revisions\/5840"}],"wp:attachment":[{"href":"https:\/\/pausspa.ca\/sherbrooke\/fr\/wp-json\/wp\/v2\/media?parent=106"}],"curies":[{"name":"wp","href":"https:\/\/api.w.org\/{rel}","templated":true}]}}