{"id":34,"date":"2018-01-31T15:25:34","date_gmt":"2018-01-31T15:25:34","guid":{"rendered":"https:\/\/pausspa.ca\/sherbrook\/?page_id=34"},"modified":"2024-04-16T13:07:58","modified_gmt":"2024-04-16T17:07:58","slug":"soins-et-services","status":"publish","type":"page","link":"https:\/\/pausspa.ca\/saguenay\/fr\/soins-et-services\/","title":{"rendered":"Services et tarifs"},"content":{"rendered":"","protected":false},"excerpt":{"rendered":"","protected":false},"author":1,"featured_media":0,"parent":0,"menu_order":0,"comment_status":"closed","ping_status":"closed","template":"archives-services.php","meta":{"_mi_skip_tracking":false},"acf":[],"yoast_head":"<!-- This site is optimized with the Yoast SEO plugin v20.2.1 - https:\/\/yoast.com\/wordpress\/plugins\/seo\/ -->\n<title>PA\u016aS Spa Exp\u00e9rience - Saguenay | Soins et Services<\/title>\n<meta name=\"description\" content=\"Consultez la liste des soins et services du PA\u016aS SPA Saguenay. Bains chauds et froids, saunas, piscine int\u00e9rieure et massages.\" \/>\n<meta name=\"robots\" content=\"index, follow, max-snippet:-1, max-image-preview:large, max-video-preview:-1\" \/>\n<link rel=\"canonical\" href=\"https:\/\/pausspa.ca\/saguenay\/fr\/soins-et-services\/\" \/>\n<meta property=\"og:locale\" content=\"fr_FR\" \/>\n<meta property=\"og:type\" content=\"article\" \/>\n<meta property=\"og:title\" content=\"PA\u016aS Spa Exp\u00e9rience - Saguenay | Soins et Services\" \/>\n<meta property=\"og:description\" content=\"Consultez la liste des soins et services du PA\u016aS SPA Saguenay. Bains chauds et froids, saunas, piscine int\u00e9rieure et massages.\" \/>\n<meta property=\"og:url\" content=\"https:\/\/pausspa.ca\/saguenay\/fr\/soins-et-services\/\" \/>\n<meta property=\"og:site_name\" content=\"Saguenay\" \/>\n<meta property=\"article:modified_time\" content=\"2024-04-16T17:07:58+00:00\" \/>\n<meta property=\"og:image\" content=\"https:\/\/pausspa.ca\/app\/uploads\/sites\/3\/2018\/03\/PAUSSPA-SHE-MassageVisageFemme.jpg\" \/>\n<meta name=\"twitter:card\" content=\"summary_large_image\" \/>\n<script type=\"application\/ld+json\" class=\"yoast-schema-graph\">{\"@context\":\"https:\/\/schema.org\",\"@graph\":[{\"@type\":\"WebPage\",\"@id\":\"https:\/\/pausspa.ca\/saguenay\/fr\/soins-et-services\/\",\"url\":\"https:\/\/pausspa.ca\/saguenay\/fr\/soins-et-services\/\",\"name\":\"PA\u016aS Spa Exp\u00e9rience - Saguenay | Soins et Services\",\"isPartOf\":{\"@id\":\"https:\/\/pausspa.ca\/saguenay\/fr\/#website\"},\"datePublished\":\"2018-01-31T15:25:34+00:00\",\"dateModified\":\"2024-04-16T17:07:58+00:00\",\"description\":\"Consultez la liste des soins et services du PA\u016aS SPA Saguenay. Bains chauds et froids, saunas, piscine int\u00e9rieure et massages.\",\"breadcrumb\":{\"@id\":\"https:\/\/pausspa.ca\/saguenay\/fr\/soins-et-services\/#breadcrumb\"},\"inLanguage\":\"fr-FR\",\"potentialAction\":[{\"@type\":\"ReadAction\",\"target\":[\"https:\/\/pausspa.ca\/saguenay\/fr\/soins-et-services\/\"]}]},{\"@type\":\"BreadcrumbList\",\"@id\":\"https:\/\/pausspa.ca\/saguenay\/fr\/soins-et-services\/#breadcrumb\",\"itemListElement\":[{\"@type\":\"ListItem\",\"position\":1,\"name\":\"Home\",\"item\":\"https:\/\/pausspa.ca\/saguenay\/fr\/\"},{\"@type\":\"ListItem\",\"position\":2,\"name\":\"Services et tarifs\"}]},{\"@type\":\"WebSite\",\"@id\":\"https:\/\/pausspa.ca\/saguenay\/fr\/#website\",\"url\":\"https:\/\/pausspa.ca\/saguenay\/fr\/\",\"name\":\"Saguenay\",\"description\":\"Un site utilisant Paus Spa sites Web\",\"potentialAction\":[{\"@type\":\"SearchAction\",\"target\":{\"@type\":\"EntryPoint\",\"urlTemplate\":\"https:\/\/pausspa.ca\/saguenay\/fr\/?s={search_term_string}\"},\"query-input\":\"required name=search_term_string\"}],\"inLanguage\":\"fr-FR\"}]}<\/script>\n<!-- \/ Yoast SEO plugin. -->","yoast_head_json":{"title":"PA\u016aS Spa Exp\u00e9rience - Saguenay | Soins et Services","description":"Consultez la liste des soins et services du PA\u016aS SPA Saguenay. Bains chauds et froids, saunas, piscine int\u00e9rieure et massages.","robots":{"index":"index","follow":"follow","max-snippet":"max-snippet:-1","max-image-preview":"max-image-preview:large","max-video-preview":"max-video-preview:-1"},"canonical":"https:\/\/pausspa.ca\/saguenay\/fr\/soins-et-services\/","og_locale":"fr_FR","og_type":"article","og_title":"PA\u016aS Spa Exp\u00e9rience - Saguenay | Soins et Services","og_description":"Consultez la liste des soins et services du PA\u016aS SPA Saguenay. Bains chauds et froids, saunas, piscine int\u00e9rieure et massages.","og_url":"https:\/\/pausspa.ca\/saguenay\/fr\/soins-et-services\/","og_site_name":"Saguenay","article_modified_time":"2024-04-16T17:07:58+00:00","og_image":[{"url":"https:\/\/pausspa.ca\/app\/uploads\/sites\/3\/2018\/03\/PAUSSPA-SHE-MassageVisageFemme.jpg"}],"twitter_card":"summary_large_image","schema":{"@context":"https:\/\/schema.org","@graph":[{"@type":"WebPage","@id":"https:\/\/pausspa.ca\/saguenay\/fr\/soins-et-services\/","url":"https:\/\/pausspa.ca\/saguenay\/fr\/soins-et-services\/","name":"PA\u016aS Spa Exp\u00e9rience - Saguenay | Soins et Services","isPartOf":{"@id":"https:\/\/pausspa.ca\/saguenay\/fr\/#website"},"datePublished":"2018-01-31T15:25:34+00:00","dateModified":"2024-04-16T17:07:58+00:00","description":"Consultez la liste des soins et services du PA\u016aS SPA Saguenay. Bains chauds et froids, saunas, piscine int\u00e9rieure et massages.","breadcrumb":{"@id":"https:\/\/pausspa.ca\/saguenay\/fr\/soins-et-services\/#breadcrumb"},"inLanguage":"fr-FR","potentialAction":[{"@type":"ReadAction","target":["https:\/\/pausspa.ca\/saguenay\/fr\/soins-et-services\/"]}]},{"@type":"BreadcrumbList","@id":"https:\/\/pausspa.ca\/saguenay\/fr\/soins-et-services\/#breadcrumb","itemListElement":[{"@type":"ListItem","position":1,"name":"Home","item":"https:\/\/pausspa.ca\/saguenay\/fr\/"},{"@type":"ListItem","position":2,"name":"Services et tarifs"}]},{"@type":"WebSite","@id":"https:\/\/pausspa.ca\/saguenay\/fr\/#website","url":"https:\/\/pausspa.ca\/saguenay\/fr\/","name":"Saguenay","description":"Un site utilisant Paus Spa sites Web","potentialAction":[{"@type":"SearchAction","target":{"@type":"EntryPoint","urlTemplate":"https:\/\/pausspa.ca\/saguenay\/fr\/?s={search_term_string}"},"query-input":"required name=search_term_string"}],"inLanguage":"fr-FR"}]}},"_links":{"self":[{"href":"https:\/\/pausspa.ca\/saguenay\/fr\/wp-json\/wp\/v2\/pages\/34"}],"collection":[{"href":"https:\/\/pausspa.ca\/saguenay\/fr\/wp-json\/wp\/v2\/pages"}],"about":[{"href":"https:\/\/pausspa.ca\/saguenay\/fr\/wp-json\/wp\/v2\/types\/page"}],"author":[{"embeddable":true,"href":"https:\/\/pausspa.ca\/saguenay\/fr\/wp-json\/wp\/v2\/users\/1"}],"replies":[{"embeddable":true,"href":"https:\/\/pausspa.ca\/saguenay\/fr\/wp-json\/wp\/v2\/comments?post=34"}],"version-history":[{"count":8,"href":"https:\/\/pausspa.ca\/saguenay\/fr\/wp-json\/wp\/v2\/pages\/34\/revisions"}],"predecessor-version":[{"id":1120,"href":"https:\/\/pausspa.ca\/saguenay\/fr\/wp-json\/wp\/v2\/pages\/34\/revisions\/1120"}],"wp:attachment":[{"href":"https:\/\/pausspa.ca\/saguenay\/fr\/wp-json\/wp\/v2\/media?parent=34"}],"curies":[{"name":"wp","href":"https:\/\/api.w.org\/{rel}","templated":true}]}}