{"id":1757,"date":"2019-07-19T15:59:27","date_gmt":"2019-07-19T19:59:27","guid":{"rendered":"https:\/\/pausspa.ca\/saguenay\/?page_id=1757"},"modified":"2023-06-02T08:46:33","modified_gmt":"2023-06-02T12:46:33","slug":"soin-visage-boreal","status":"publish","type":"page","link":"https:\/\/pausspa.ca\/saguenay\/fr\/soin-visage-boreal\/","title":{"rendered":"Soin visage BOR\u00c9AL"},"content":{"rendered":"<p>Cr\u00e9\u00e9 en collaboration avec le gin Saguen\u00e9en km12, se d\u00e9marquant par sa vivacit\u00e9 et par sa fra\u00eecheur provenant des ar\u00f4mes de pousses de sapin et de subtiles notes florales, ce soin visage vous fera vivre un moment hors du temps o\u00f9 les effluves embl\u00e9matiques de ce spiritueux se marient \u00e0 la performance et \u00e0 la relaxation notoire des soins haut de gamme PA\u016aS.<\/p>\n<p>Vivez, respirez, goutez\u00a0: vos sens sont stimul\u00e9s tour \u00e0 tour afin de vous mener vers une d\u00e9tente unique. Un teint resplendissant, une peau hydrat\u00e9e et lumineuse vous attendent, en prime, \u00e0 la sortie.<\/p>\n<p>Le soin d\u00e9bute avec une d\u00e9gustation du fabuleux gin km12 afin de vous faire d\u00e9couvrir les notes aromatiques qui marqueront chacune des \u00e9tapes de l\u2019exp\u00e9rience que vous vivrez par la suite.<\/p>\n<p>Tout d\u2019abord, votre peau sera m\u00e9ticuleusement nettoy\u00e9e, purifi\u00e9e et tonifi\u00e9e avant de b\u00e9n\u00e9ficier d\u2019une triple exfoliation r\u00e9alis\u00e9e gr\u00e2ce \u00e0 des techniques et produits de pointe. \u00c9tant dans la phase tonique du soin, des notes bor\u00e9ales seront reconnues. Au travers de ce protocole, des contrastes thermiques sont employ\u00e9s afin de rappeler la douce chaleur du spiritueux.<\/p>\n<p>Cette alternance entre la fraicheur vivifiante et la chaleur apaisante vous portera vers la phase relaxante du soin caract\u00e9ris\u00e9e par des notes plus douces et florale. Des massages, unissant points d\u2019acuponcture et techniques relaxantes, se joignent \u00e0 l\u2019application d\u2019un masque hautement concentr\u00e9 en agents hydratants et comblants. Ces principes actifs sont formul\u00e9s en une trilogie d\u2019acide hyaluronique\u00a0: macromol\u00e9culaire, micromol\u00e9culaire et liposomale, ce qui offre une efficacit\u00e9 exceptionnelle.<\/p>\n<p>Un soin tout \u00e0 fait unique o\u00f9 la d\u00e9couverte, la d\u00e9tente et la performance se rencontrent.<\/p>\n","protected":false},"excerpt":{"rendered":"<p>Cr\u00e9\u00e9 en collaboration avec le gin Saguen\u00e9en km12, se d\u00e9marquant par sa vivacit\u00e9 et par sa fra\u00eecheur provenant des ar\u00f4mes de pousses de sapin et de subtiles notes florales, ce soin visage vous fera vivre un moment hors du temps o\u00f9 les effluves embl\u00e9matiques de ce spiritueux se marient \u00e0 la performance et \u00e0 la &hellip; <a href=\"https:\/\/pausspa.ca\/saguenay\/fr\/soin-visage-boreal\/\" class=\"more-link\">Continue reading <span class=\"screen-reader-text\">Soin visage BOR\u00c9AL<\/span><\/a><\/p>\n","protected":false},"author":9,"featured_media":0,"parent":0,"menu_order":0,"comment_status":"closed","ping_status":"closed","template":"archives-forfait.php","meta":{"_mi_skip_tracking":false},"acf":[],"yoast_head":"<!-- This site is optimized with the Yoast SEO plugin v20.2.1 - https:\/\/yoast.com\/wordpress\/plugins\/seo\/ -->\n<title>Soin visage BOR\u00c9AL - Saguenay<\/title>\n<meta name=\"robots\" content=\"index, follow, max-snippet:-1, max-image-preview:large, max-video-preview:-1\" \/>\n<link rel=\"canonical\" href=\"https:\/\/pausspa.ca\/saguenay\/fr\/soin-visage-boreal\/\" \/>\n<meta property=\"og:locale\" content=\"fr_FR\" \/>\n<meta property=\"og:type\" content=\"article\" \/>\n<meta property=\"og:title\" content=\"Soin visage BOR\u00c9AL - Saguenay\" \/>\n<meta property=\"og:description\" content=\"Cr\u00e9\u00e9 en collaboration avec le gin Saguen\u00e9en km12, se d\u00e9marquant par sa vivacit\u00e9 et par sa fra\u00eecheur provenant des ar\u00f4mes de pousses de sapin et de subtiles notes florales, ce soin visage vous fera vivre un moment hors du temps o\u00f9 les effluves embl\u00e9matiques de ce spiritueux se marient \u00e0 la performance et \u00e0 la &hellip; Continue reading Soin visage BOR\u00c9AL\" \/>\n<meta property=\"og:url\" content=\"https:\/\/pausspa.ca\/saguenay\/fr\/soin-visage-boreal\/\" \/>\n<meta property=\"og:site_name\" content=\"Saguenay\" \/>\n<meta property=\"article:modified_time\" content=\"2023-06-02T12:46:33+00:00\" \/>\n<meta name=\"twitter:card\" content=\"summary_large_image\" \/>\n<meta name=\"twitter:label1\" content=\"Est. reading time\" \/>\n\t<meta name=\"twitter:data1\" content=\"2 minutes\" \/>\n<script type=\"application\/ld+json\" class=\"yoast-schema-graph\">{\"@context\":\"https:\/\/schema.org\",\"@graph\":[{\"@type\":\"WebPage\",\"@id\":\"https:\/\/pausspa.ca\/saguenay\/fr\/soin-visage-boreal\/\",\"url\":\"https:\/\/pausspa.ca\/saguenay\/fr\/soin-visage-boreal\/\",\"name\":\"Soin visage BOR\u00c9AL - Saguenay\",\"isPartOf\":{\"@id\":\"https:\/\/pausspa.ca\/saguenay\/fr\/#website\"},\"datePublished\":\"2019-07-19T19:59:27+00:00\",\"dateModified\":\"2023-06-02T12:46:33+00:00\",\"breadcrumb\":{\"@id\":\"https:\/\/pausspa.ca\/saguenay\/fr\/soin-visage-boreal\/#breadcrumb\"},\"inLanguage\":\"fr-FR\",\"potentialAction\":[{\"@type\":\"ReadAction\",\"target\":[\"https:\/\/pausspa.ca\/saguenay\/fr\/soin-visage-boreal\/\"]}]},{\"@type\":\"BreadcrumbList\",\"@id\":\"https:\/\/pausspa.ca\/saguenay\/fr\/soin-visage-boreal\/#breadcrumb\",\"itemListElement\":[{\"@type\":\"ListItem\",\"position\":1,\"name\":\"Home\",\"item\":\"https:\/\/pausspa.ca\/saguenay\/fr\/\"},{\"@type\":\"ListItem\",\"position\":2,\"name\":\"Soin visage BOR\u00c9AL\"}]},{\"@type\":\"WebSite\",\"@id\":\"https:\/\/pausspa.ca\/saguenay\/fr\/#website\",\"url\":\"https:\/\/pausspa.ca\/saguenay\/fr\/\",\"name\":\"Saguenay\",\"description\":\"Un site utilisant Paus Spa sites Web\",\"potentialAction\":[{\"@type\":\"SearchAction\",\"target\":{\"@type\":\"EntryPoint\",\"urlTemplate\":\"https:\/\/pausspa.ca\/saguenay\/fr\/?s={search_term_string}\"},\"query-input\":\"required name=search_term_string\"}],\"inLanguage\":\"fr-FR\"}]}<\/script>\n<!-- \/ Yoast SEO plugin. -->","yoast_head_json":{"title":"Soin visage BOR\u00c9AL - Saguenay","robots":{"index":"index","follow":"follow","max-snippet":"max-snippet:-1","max-image-preview":"max-image-preview:large","max-video-preview":"max-video-preview:-1"},"canonical":"https:\/\/pausspa.ca\/saguenay\/fr\/soin-visage-boreal\/","og_locale":"fr_FR","og_type":"article","og_title":"Soin visage BOR\u00c9AL - Saguenay","og_description":"Cr\u00e9\u00e9 en collaboration avec le gin Saguen\u00e9en km12, se d\u00e9marquant par sa vivacit\u00e9 et par sa fra\u00eecheur provenant des ar\u00f4mes de pousses de sapin et de subtiles notes florales, ce soin visage vous fera vivre un moment hors du temps o\u00f9 les effluves embl\u00e9matiques de ce spiritueux se marient \u00e0 la performance et \u00e0 la &hellip; Continue reading Soin visage BOR\u00c9AL","og_url":"https:\/\/pausspa.ca\/saguenay\/fr\/soin-visage-boreal\/","og_site_name":"Saguenay","article_modified_time":"2023-06-02T12:46:33+00:00","twitter_card":"summary_large_image","twitter_misc":{"Est. reading time":"2 minutes"},"schema":{"@context":"https:\/\/schema.org","@graph":[{"@type":"WebPage","@id":"https:\/\/pausspa.ca\/saguenay\/fr\/soin-visage-boreal\/","url":"https:\/\/pausspa.ca\/saguenay\/fr\/soin-visage-boreal\/","name":"Soin visage BOR\u00c9AL - Saguenay","isPartOf":{"@id":"https:\/\/pausspa.ca\/saguenay\/fr\/#website"},"datePublished":"2019-07-19T19:59:27+00:00","dateModified":"2023-06-02T12:46:33+00:00","breadcrumb":{"@id":"https:\/\/pausspa.ca\/saguenay\/fr\/soin-visage-boreal\/#breadcrumb"},"inLanguage":"fr-FR","potentialAction":[{"@type":"ReadAction","target":["https:\/\/pausspa.ca\/saguenay\/fr\/soin-visage-boreal\/"]}]},{"@type":"BreadcrumbList","@id":"https:\/\/pausspa.ca\/saguenay\/fr\/soin-visage-boreal\/#breadcrumb","itemListElement":[{"@type":"ListItem","position":1,"name":"Home","item":"https:\/\/pausspa.ca\/saguenay\/fr\/"},{"@type":"ListItem","position":2,"name":"Soin visage BOR\u00c9AL"}]},{"@type":"WebSite","@id":"https:\/\/pausspa.ca\/saguenay\/fr\/#website","url":"https:\/\/pausspa.ca\/saguenay\/fr\/","name":"Saguenay","description":"Un site utilisant Paus Spa sites Web","potentialAction":[{"@type":"SearchAction","target":{"@type":"EntryPoint","urlTemplate":"https:\/\/pausspa.ca\/saguenay\/fr\/?s={search_term_string}"},"query-input":"required name=search_term_string"}],"inLanguage":"fr-FR"}]}},"_links":{"self":[{"href":"https:\/\/pausspa.ca\/saguenay\/fr\/wp-json\/wp\/v2\/pages\/1757"}],"collection":[{"href":"https:\/\/pausspa.ca\/saguenay\/fr\/wp-json\/wp\/v2\/pages"}],"about":[{"href":"https:\/\/pausspa.ca\/saguenay\/fr\/wp-json\/wp\/v2\/types\/page"}],"author":[{"embeddable":true,"href":"https:\/\/pausspa.ca\/saguenay\/fr\/wp-json\/wp\/v2\/users\/9"}],"replies":[{"embeddable":true,"href":"https:\/\/pausspa.ca\/saguenay\/fr\/wp-json\/wp\/v2\/comments?post=1757"}],"version-history":[{"count":4,"href":"https:\/\/pausspa.ca\/saguenay\/fr\/wp-json\/wp\/v2\/pages\/1757\/revisions"}],"predecessor-version":[{"id":3204,"href":"https:\/\/pausspa.ca\/saguenay\/fr\/wp-json\/wp\/v2\/pages\/1757\/revisions\/3204"}],"wp:attachment":[{"href":"https:\/\/pausspa.ca\/saguenay\/fr\/wp-json\/wp\/v2\/media?parent=1757"}],"curies":[{"name":"wp","href":"https:\/\/api.w.org\/{rel}","templated":true}]}}