{"id":1525,"date":"2019-04-30T10:15:00","date_gmt":"2019-04-30T14:15:00","guid":{"rendered":"https:\/\/pausspa.ca\/saguenay\/?page_id=1525"},"modified":"2019-08-07T11:33:01","modified_gmt":"2019-08-07T15:33:01","slug":"puroxygene","status":"publish","type":"page","link":"https:\/\/pausspa.ca\/saguenay\/fr\/puroxygene\/","title":{"rendered":"Pur oxyg\u00e8ne"},"content":{"rendered":"","protected":false},"excerpt":{"rendered":"","protected":false},"author":9,"featured_media":0,"parent":0,"menu_order":0,"comment_status":"closed","ping_status":"closed","template":"archives-forfait.php","meta":{"_mi_skip_tracking":false},"acf":[],"yoast_head":"<!-- This site is optimized with the Yoast SEO plugin v20.2.1 - https:\/\/yoast.com\/wordpress\/plugins\/seo\/ -->\n<title>Pur oxyg\u00e8ne - Saguenay<\/title>\n<meta name=\"robots\" content=\"index, follow, max-snippet:-1, max-image-preview:large, max-video-preview:-1\" \/>\n<link rel=\"canonical\" href=\"https:\/\/pausspa.ca\/saguenay\/fr\/puroxygene\/\" \/>\n<meta property=\"og:locale\" content=\"fr_FR\" \/>\n<meta property=\"og:type\" content=\"article\" \/>\n<meta property=\"og:title\" content=\"Soin visage - Pur Oxyg\u00e8ne\" \/>\n<meta property=\"og:description\" content=\"R\u00e9alis\u00e9 en 20 \u00e9tapes, ce luxueux traitement de pointe offre des r\u00e9sultats visibles d\u00e8s la premi\u00e8re s\u00e9ance.\" \/>\n<meta property=\"og:url\" content=\"https:\/\/pausspa.ca\/saguenay\/fr\/puroxygene\/\" \/>\n<meta property=\"og:site_name\" content=\"Saguenay\" \/>\n<meta property=\"article:modified_time\" content=\"2019-08-07T15:33:01+00:00\" \/>\n<meta property=\"og:image\" content=\"https:\/\/pausspa.ca\/app\/uploads\/sites\/3\/2019\/08\/shutterstock_1129322372s.jpg\" \/>\n<meta name=\"twitter:card\" content=\"summary_large_image\" \/>\n<script type=\"application\/ld+json\" class=\"yoast-schema-graph\">{\"@context\":\"https:\/\/schema.org\",\"@graph\":[{\"@type\":\"WebPage\",\"@id\":\"https:\/\/pausspa.ca\/saguenay\/fr\/puroxygene\/\",\"url\":\"https:\/\/pausspa.ca\/saguenay\/fr\/puroxygene\/\",\"name\":\"Pur oxyg\u00e8ne - Saguenay\",\"isPartOf\":{\"@id\":\"https:\/\/pausspa.ca\/saguenay\/fr\/#website\"},\"datePublished\":\"2019-04-30T14:15:00+00:00\",\"dateModified\":\"2019-08-07T15:33:01+00:00\",\"breadcrumb\":{\"@id\":\"https:\/\/pausspa.ca\/saguenay\/fr\/puroxygene\/#breadcrumb\"},\"inLanguage\":\"fr-FR\",\"potentialAction\":[{\"@type\":\"ReadAction\",\"target\":[\"https:\/\/pausspa.ca\/saguenay\/fr\/puroxygene\/\"]}]},{\"@type\":\"BreadcrumbList\",\"@id\":\"https:\/\/pausspa.ca\/saguenay\/fr\/puroxygene\/#breadcrumb\",\"itemListElement\":[{\"@type\":\"ListItem\",\"position\":1,\"name\":\"Home\",\"item\":\"https:\/\/pausspa.ca\/saguenay\/fr\/\"},{\"@type\":\"ListItem\",\"position\":2,\"name\":\"Pur oxyg\u00e8ne\"}]},{\"@type\":\"WebSite\",\"@id\":\"https:\/\/pausspa.ca\/saguenay\/fr\/#website\",\"url\":\"https:\/\/pausspa.ca\/saguenay\/fr\/\",\"name\":\"Saguenay\",\"description\":\"Un site utilisant Paus Spa sites Web\",\"potentialAction\":[{\"@type\":\"SearchAction\",\"target\":{\"@type\":\"EntryPoint\",\"urlTemplate\":\"https:\/\/pausspa.ca\/saguenay\/fr\/?s={search_term_string}\"},\"query-input\":\"required name=search_term_string\"}],\"inLanguage\":\"fr-FR\"}]}<\/script>\n<!-- \/ Yoast SEO plugin. -->","yoast_head_json":{"title":"Pur oxyg\u00e8ne - Saguenay","robots":{"index":"index","follow":"follow","max-snippet":"max-snippet:-1","max-image-preview":"max-image-preview:large","max-video-preview":"max-video-preview:-1"},"canonical":"https:\/\/pausspa.ca\/saguenay\/fr\/puroxygene\/","og_locale":"fr_FR","og_type":"article","og_title":"Soin visage - Pur Oxyg\u00e8ne","og_description":"R\u00e9alis\u00e9 en 20 \u00e9tapes, ce luxueux traitement de pointe offre des r\u00e9sultats visibles d\u00e8s la premi\u00e8re s\u00e9ance.","og_url":"https:\/\/pausspa.ca\/saguenay\/fr\/puroxygene\/","og_site_name":"Saguenay","article_modified_time":"2019-08-07T15:33:01+00:00","og_image":[{"url":"https:\/\/pausspa.ca\/app\/uploads\/sites\/3\/2019\/08\/shutterstock_1129322372s.jpg"}],"twitter_card":"summary_large_image","schema":{"@context":"https:\/\/schema.org","@graph":[{"@type":"WebPage","@id":"https:\/\/pausspa.ca\/saguenay\/fr\/puroxygene\/","url":"https:\/\/pausspa.ca\/saguenay\/fr\/puroxygene\/","name":"Pur oxyg\u00e8ne - Saguenay","isPartOf":{"@id":"https:\/\/pausspa.ca\/saguenay\/fr\/#website"},"datePublished":"2019-04-30T14:15:00+00:00","dateModified":"2019-08-07T15:33:01+00:00","breadcrumb":{"@id":"https:\/\/pausspa.ca\/saguenay\/fr\/puroxygene\/#breadcrumb"},"inLanguage":"fr-FR","potentialAction":[{"@type":"ReadAction","target":["https:\/\/pausspa.ca\/saguenay\/fr\/puroxygene\/"]}]},{"@type":"BreadcrumbList","@id":"https:\/\/pausspa.ca\/saguenay\/fr\/puroxygene\/#breadcrumb","itemListElement":[{"@type":"ListItem","position":1,"name":"Home","item":"https:\/\/pausspa.ca\/saguenay\/fr\/"},{"@type":"ListItem","position":2,"name":"Pur oxyg\u00e8ne"}]},{"@type":"WebSite","@id":"https:\/\/pausspa.ca\/saguenay\/fr\/#website","url":"https:\/\/pausspa.ca\/saguenay\/fr\/","name":"Saguenay","description":"Un site utilisant Paus Spa sites Web","potentialAction":[{"@type":"SearchAction","target":{"@type":"EntryPoint","urlTemplate":"https:\/\/pausspa.ca\/saguenay\/fr\/?s={search_term_string}"},"query-input":"required name=search_term_string"}],"inLanguage":"fr-FR"}]}},"_links":{"self":[{"href":"https:\/\/pausspa.ca\/saguenay\/fr\/wp-json\/wp\/v2\/pages\/1525"}],"collection":[{"href":"https:\/\/pausspa.ca\/saguenay\/fr\/wp-json\/wp\/v2\/pages"}],"about":[{"href":"https:\/\/pausspa.ca\/saguenay\/fr\/wp-json\/wp\/v2\/types\/page"}],"author":[{"embeddable":true,"href":"https:\/\/pausspa.ca\/saguenay\/fr\/wp-json\/wp\/v2\/users\/9"}],"replies":[{"embeddable":true,"href":"https:\/\/pausspa.ca\/saguenay\/fr\/wp-json\/wp\/v2\/comments?post=1525"}],"version-history":[{"count":2,"href":"https:\/\/pausspa.ca\/saguenay\/fr\/wp-json\/wp\/v2\/pages\/1525\/revisions"}],"predecessor-version":[{"id":1532,"href":"https:\/\/pausspa.ca\/saguenay\/fr\/wp-json\/wp\/v2\/pages\/1525\/revisions\/1532"}],"wp:attachment":[{"href":"https:\/\/pausspa.ca\/saguenay\/fr\/wp-json\/wp\/v2\/media?parent=1525"}],"curies":[{"name":"wp","href":"https:\/\/api.w.org\/{rel}","templated":true}]}}